{"id":1473,"date":"2015-06-10T15:52:58","date_gmt":"2015-06-10T13:52:58","guid":{"rendered":"http:\/\/www.gazebo.it\/?page_id=1473"},"modified":"2018-07-30T16:29:49","modified_gmt":"2018-07-30T14:29:49","slug":"disclaimer","status":"publish","type":"page","link":"https:\/\/www.gazebo.it\/en\/disclaimer\/","title":{"rendered":"Disclaimer"},"content":{"rendered":"[et_pb_section background_image=&#8221;\/images\/sfondo-intestazione.jpg&#8221; transparent_background=&#8221;off&#8221; background_color=&#8221;#ffffff&#8221; allow_player_pause=&#8221;off&#8221; inner_shadow=&#8221;off&#8221; parallax=&#8221;off&#8221; parallax_method=&#8221;off&#8221; module_class=&#8221;sfondo-repeat&#8221;][et_pb_row][et_pb_column type=&#8221;4_4&#8243;][et_pb_text admin_label=&#8221;Testo&#8221; background_layout=&#8221;dark&#8221; text_orientation=&#8221;center&#8221;]\n<h1 class=\"intestazione_h1\">Disclaimer<\/h1>\n[\/et_pb_text][\/et_pb_column][\/et_pb_row][\/et_pb_section][et_pb_section fullwidth=&#8221;off&#8221; specialty=&#8221;off&#8221;][et_pb_row][et_pb_column type=&#8221;4_4&#8243;][et_pb_text admin_label=&#8221;Testo&#8221; background_layout=&#8221;light&#8221; text_orientation=&#8221;left&#8221; module_class=&#8221;privacy&#8221;]\n<p class=\"arancione\">GENERAL INFORMATION<\/p>\n<ul>\n<li>the total or partial reproduction of the website and\/or its contents using analogue or digital means is prohibited without the written consent of the owner of this domain, of the trademarks, images and any other authorised content contained therein, namely the entity Gazebo S.p.A.<\/li>\n<li>all intellectual and industrial property rights regarding the configuration, content and organisation of the website are the sole property of Gazebo S.p.A.<\/li>\n<li>any improper and\/or unauthorised use of this website shall be considered unlawful pursuant to Italian law No. 633\/41<\/li>\n<li>partial quoting for news, criticisms or reviews is allowed, provided it is accompanied by the indication of the source &#8220;property of Gazebo S.p.A.&#8221;, including the URL <a href=\"https:\/\/www.gazebo.it\" target=\"_blank\">&#8220;www.gazebo.it&#8221;<\/a><\/li>\n<\/ul>\n<p class=\"arancione\">INDUSTRIAL PROPERTY<\/p>\n<ul>\n<li>all rights on this website and on every single part of it, are the exclusive property of Gazebo S.p.A..<\/li>\n<li> this website contains material and information regarding &#8211; but not restricted thereto &#8211; photographs, illustrations, texts, video clips, audio clips, protected by copyright and\/or by other industrial and intellectual property rights, and, therefore, the exclusive right to reproduce, transcribe, distribute, put into circulation, translate and, more generally, use for economic, proprietary and commercial purposes such material and information is reserved exclusively to Gazebo S.p.A. and any third parties authorised by Gazebo S.p.A.. It is therefore forbidden to download, reproduce, transcribe, send electronically or use in any way and for economic, proprietary and commercial purposes such material and information or parts of them without the written consent of Gazebo S.p.A..<\/li>\n<li>it is possible to download or copy the material on this website for private and personal use only and upon receiving the authorisation of the website owner.<\/li>\n<li>the name and trademark Gazebo S.p.A., just like all other brands\/trademarks on this website, cannot be used as trademarks or other distinguishing signs, nor be filed or registered in any form or by any means without the written consent of Gazebo S.p.A..<\/li>\n<\/ul>\n<p class=\"arancione\">TRADEMARKS<\/p>\n<p><\/p>\n<ul>\n<li>unless otherwise specified, all the trademarks on this website, including all marks, logos and corporate symbols, are protected by commercial rights and are registered trademarks and property of the legitimate owners.<\/li>\n<\/ul>\n[\/et_pb_text][\/et_pb_column][\/et_pb_row][\/et_pb_section]\n","protected":false},"excerpt":{"rendered":"<p>Disclaimer GENERAL INFORMATION the total or partial&#8230;<\/p>\n","protected":false},"author":1,"featured_media":0,"parent":0,"menu_order":0,"comment_status":"open","ping_status":"open","template":"page-no-callbar.php","meta":{"_et_pb_use_builder":"on","_et_pb_old_content":"[et_pb_section background_image=\"\/images\/sfondo-intestazione.jpg\" transparent_background=\"off\" background_color=\"#ffffff\" allow_player_pause=\"off\" inner_shadow=\"off\" parallax=\"off\" parallax_method=\"off\" module_class=\"sfondo-repeat\"][et_pb_row][et_pb_column type=\"4_4\"][et_pb_text admin_label=\"Testo\" background_layout=\"dark\" text_orientation=\"center\"]<h1 class=\"intestazione_h1\">Disclaimer<\/h1>[\/et_pb_text][\/et_pb_column][\/et_pb_row][\/et_pb_section][et_pb_section fullwidth=\"off\" specialty=\"off\"][et_pb_row][et_pb_column type=\"4_4\"][et_pb_text admin_label=\"Testo\" background_layout=\"light\" text_orientation=\"left\" module_class=\"privacy\"]<p class=\"arancione\">INFORMAZIONI GENERALI<\/p>\r\n<ul> <li>Il presente sito appartiene a Gazebo S.p.A.<\/li>\r\n<li>L'accesso al sito \u00e8 gratuito.<\/li>\r\n<li>Per accedere ad alcuni servizi del presente sito \u00e8 necessaria la registrazione dell'utente.<\/li>\r\n<li>Gazebo S.p.A., quale amministratore del presente sito, ha l'esclusivo e insindacabile diritto di modificare, in tutto o in parte, senza alcun preavviso e a propria assoluta discrezione, il contenuto, le immagini, i termini e\/o le condizioni di accesso al Sito.<\/li>\r\n<li>Le dimensioni dei prodotti sono indicative. Gazebo S.p.A si riserva una minima tolleranza.<\/li>\r\n<li>Gazebo S.p.A. non potr\u00e0 essere ritenuta responsabile di eventuali malfunzionamenti e per i danni, diretti e indiretti, che possano derivare dall'utilizzo del presente sito.<\/li><\/ul>\r\n<p class=\"arancione\">INFORMAZIONI OBBLIGATORIE<\/p>\r\n<ul><li>E' vietata con qualsiasi mezzo analogico o digitale la riproduzione totale o parziale del Sito e\/o dei suoi contenuti, senza il consenso scritto del proprietario del presente dominio, dei marchi, delle immagini e degli altri contenuti autorizzati ed in esso contenuti, individuato nella persona giuridica denominata Gazebo S.p.A.<\/li>\r\n<li>Tutti i diritti in merito alla propriet\u00e0 intellettuale ed industriale relativi alla configurazione, al contenuto e all'organizzazione del Sito appartengono in via esclusiva a Gazebo S.p.A.<\/li>\r\n<li>Ogni utilizzo improprio e\/o non autorizzato sar\u00e0 ritenuto illecito ai sensi della l. 633\/41<\/li>\r\n<li>Sono consentite citazioni parziali a titolo di cronaca, critica o recensione, purch\u00e9 accompagnate dall'indicazione della fonte \"propriet\u00e0 di Gazebo S.p.A.\", compresa la URL di riferimento <a href=\"http:\/\/www.gazebo.it\" target=\"_blank\">\"www.gazebo.it\"<\/a><\/li>\r\n<li>Gazebo S.p.A. si riserva il diritto di riprodurre i testi ed i contenuti del presente sito in altre pubblicazioni e\/o programmi.<\/li>\r\n<li>La responsabilit\u00e0 della navigazione sul presente Sito \u00e8 totalmente a carico dell'Utente.<\/li><\/ul>\r\n<p class=\"arancione\">UTILIZZO DEL SITO<\/p>\r\n<p>L'Utente che intende consultare il presente Sito accetta che:<\/p>\r\n<ul><li>\u00e8 tecnicamente impossibile fornire un Sito privo di difetti, e che in nessun caso riterr\u00e0 Gazebo S.p.A. responsabile di alcunch\u00e9, ivi compreso un eventuale malfunzionamento del proprio computer coincidente o discendente dalla consultazione e l'accesso alle pagine del presente portale web.<\/li>\r\n<li>il Sito potrebbe essere temporaneamente inaccessibile;<\/li>\r\n<li>Gazebo S.p.A. non pu\u00f2 ritenersi responsabile per il materiale, i contenuti e\/o le informazioni forniti attraverso il presente portale web senza il proprio espresso consenso e\/o autorizzazione, ivi compreso e nello specifico, quanto inserito dagli utenti stessi,<\/li>\r\n<li>Gazebo S.p.A. non pu\u00f2 ritenersi altres\u00ec responsabile per gli argomenti e\/o le condotte assunte dall'Utente durante la consultazione del presente Sito;<\/li><\/ul>\r\n<p><strong>L'Utente s'impegna a:<\/strong><\/p>\r\n<ul><li><strong>a.<\/strong> non utilizzare il Sito o il materiale in esso inserito per perseguire scopi illegali ovvero per divulgare o diffondere in qualsiasi modo materiale o contenuti preordinati alla commissione di attivit\u00e0 illecita;<\/li>\r\n<li><strong>b.<\/strong> non utilizzare il Sito in modo da interrompere, danneggiare o rendere meno efficiente una parte o la totalit\u00e0 del Sito o in modo da danneggiare in qualche modo l'efficacia o la funzionalit\u00e0 del Sito;<\/li>\r\n<li><strong>c.<\/strong> non utilizzare il Sito per la trasmissione o il collocamento di virus o qualsiasi altro materiale diffamatorio, offensivo, osceno o minaccioso o che in qualche modo possa danneggiare o disturbare altri Utenti;<\/li>\r\n<li><strong>d.<\/strong> non utilizzare il Sito in modo da costituire una violazione dei diritti di persone fisiche o giuridiche o ditte (compresi, ad esempio, i diritti di propriet\u00e0 industriale - legge 633\/41 - o di riservatezza - d.lgs. 196\/03); (e) non utilizzare il Sito per trasmettere materiale a scopo pubblicitario e\/o promozionale senza espressa e dichiarata autorizzazione di Gazebo S.p.A..<\/li>\r\n<li><strong>e.<\/strong> nel caso in cui un Utente intendesse esercitare un diritto, una rivendicazione o un'azione contro un qualsiasi altro Utente in merito all'utilizzo del Sito, egli si impegna a perseguire tale diritto, rivendicazione o azione, indipendentemente e senza alcun coinvolgimento di Gazebo S.p.A., impegnandosi fin d'ora a manlevare il titolare del presente sito da alcunch\u00e9.<\/li>\r\n<li><strong>f.<\/strong> Gazebo S.p.A. non si assume alcuna responsabilit\u00e0 sul contenuto e\/o sulla veridicit\u00e0 di contenuti inseriti da utenti (anche senza autorizzazione del proprietario del presente dominio) che potrebbero essere ritenute offensive o denigratorie nei confronti di soggetti terzi.<\/li>\r\n<li><strong>g.<\/strong> si riserva comunque il diritto di rimuovere i contenuti inseriti, in caso li ritenga offensivi, non costruttivi, scurrili o per qualunque altra ragione, a suo insindacabile giudizio, nel minor tempo possibile.<\/li>\r\n<li><strong>h.<\/strong> non si assume alcuna responsabilit\u00e0 sul contenuto delle immagini, n\u00e8 pu\u00f2 essere ritenuto responsabile per immagini che risultino offensive o lesive per l'immagine di terzi.<\/li>\r\n<li><strong>i.<\/strong> si riserva comunque il diritto di fornire l'indirizzo e-mail degli autori ed i loro indirizzi IP, in caso di questioni legali o su richiesta delle autorit\u00e0.<\/li>\r\n<li><strong>j.<\/strong> La creazione impropria di utenti, col fine esplicito di offendere e diffamare non \u00e8 tollerata da Gazebo S.p.A.<\/li>\r\n<li><strong>k.<\/strong> Gazebo S.p.A. si riserva il diritto di annullare tali utenti e rimuovere i contenuti da loro inseriti.<\/li>\r\n<li><strong>l.<\/strong> COOKIES: Un \"cookie\" (cio\u00e8 un piccolo data file che alcuni siti Web, mentre vengono visitati, possono inviare all'indirizzo del visitatore) pu\u00f2 trovarsi situato (anche non visibilmente) nel sito www.gazebo.it, al fine di tracciare i percorsi del visitatore nel sito. Qualora l'utente preferisse non ricevere cookies, pu\u00f2 impostare il proprio browser in modo tale da essere avvisato della presenza di un cookie e, quindi, decidere se accettarlo o meno. L'utente pu\u00f2 in ogni caso rifiutare automaticamente tutti i cookies, attivando l'apposita opzione nel browser.<\/li><\/ul>\r\n\r\n \r\n \r\n<p><span class=\"arancione\">TRATTAMENTO DEI DATI PERSONALI<\/span><br>FINALITA' DEL TRATTAMENTO<\/p>\r\n\r\n<ul><li><strong>1.<\/strong> Il trattamento dei dati avviene nel rispetto della normativa vigente in materia di protezione dei dati personali, D. lgs 30 giugno 2003, n. 196;<\/li>\r\n<li><strong>2.<\/strong> La raccolta ed il trattamento dei Dati sono effettuati da Gazebo S.p.A. per finalit\u00e0 di:<\/li>\r\n<p>\u2022 registrazione utente \/ creazione account personale,\r\n\u2022 invio di materiale informativo e promozionale,\r\n\u2022 inviti ad eventi informativi o promozionali,\r\n\u2022 partecipazione al forum.<\/p><\/ul>\r\n\r\n <p>MODALITA' DEL TRATTAMENTO - INCARICATI<\/p>\r\n<ul><li><strong>1.<\/strong> Il trattamento dei Dati per le suddette finalit\u00e0 avr\u00e0 luogo con modalit\u00e0 sia automatizzate che non automatizzate e nel rispetto delle regole di riservatezza e di sicurezza previste dalla legge.<\/li>\r\n<li><strong>2.<\/strong> I Dati potranno essere trattati, per conto di Gazebo S.p.A., da soggetti incaricati di svolgere specifici servizi elaborativi o attivit\u00e0 complementari a quelle di Gazebo S.p.A. ovvero necessarie all'esecuzione delle operazioni e dei servizi sopra descritti.<\/li><\/ul>\r\n\r\n<p>CONFERIMENTO DEI DATI<\/p>\r\n<ul><li><strong>1.<\/strong> Il conferimento dei Dati \u00e8 assolutamente facoltativo, anche se la registrazione \u00e8 in alcuni casi obbligatoria,<\/li>\r\n<li><strong>2.<\/strong> L'eventuale rifiuto di conferire i Dati non comporta alcuna conseguenza, salvo l'impossibilit\u00e0 di fruire dei servizi offerti da Gazebo S.p.A.<\/li><\/ul>\r\n\r\n<p>TITOLARE E RESPONSABILE DEL TRATTAMENTO<\/p>\r\n<ul><li>Titolare del trattamento dei Dati \u00e8 il titolare presso Gazebo S.p.A..<\/li><\/ul>\r\n\r\n<p>PROPRIET\u00c0 INDUSTRIALE<\/p>\r\n\r\n<ul><li><strong>a.<\/strong> Ogni diritto sul presente sito e su ogni singola parte di esso \u00e8 di esclusiva propriet\u00e0 di Gazebo S.p.A..<\/li>\r\n<li><strong>b.<\/strong> Il presente sito contiene materiali ed informazioni relativamente - ma non limitatamente - a, fotografie, illustrazioni, testi, videoclip, audio clip, protetti dal diritto d'autore e\/o da altri diritti di propriet\u00e0 industriale e intellettuale, e pertanto il diritto esclusivo di riprodurre, trascrivere, distribuire, porre in circolazione, tradurre e, pi\u00f9 in generale, di utilizzare a fini economici, patrimoniali e commerciali i suddetti materiali ed informazioni sono riservati in via esclusiva a Gazebo S.p.A. ed a eventuali terzi da questa ultima autorizzati. Di conseguenza \u00e8 vietato scaricare, riprodurre, trascrivere, inviare elettronicamente o comunque utilizzare in qualsiasi forma e modo a fini economici, patrimoniali e commerciali i suddetti materiali e informazioni o parti di esse senza l'autorizzazione scritta di Gazebo S.p.A.<\/li>\r\n<li><strong>c.<\/strong> E' possibile scaricare o copiare il materiale contenuto in questo sito esclusivamente per un uso privato e personale dello stesso e previa autorizzazione del proprietario.<\/li>\r\n<li><strong>d.<\/strong> Il nome e il marchio Gazebo S.p.A., cos\u00ec come tutti gli altri marchi\/simboli proprietari presenti nel sito non possono essere utilizzati come marchio o altro segno distintivo n\u00e9 depositati o registrati in qualsiasi forma e modo senza l'autorizzazione scritta di Gazebo S.p.A..<\/li><\/ul>\r\n\r\n<p>MARCHI COMMERCIALI<\/p>\r\n\r\n<ul><li><strong>a.<\/strong> Salvo diverse indicazioni, tutti i marchi presenti su questo sito, ivi inclusi tutti i marchi, i loghi e simboli aziendali, sono protetti dai diritti commerciali e sono marchi registrati di propriet\u00e0 dei legittimi proprietari.<\/li><\/ul>\r\n\r\n<p class=\"arancione\">INFORMAZIONI TRASMESSE<\/p>\r\n<ul><li><strong>a.<\/strong> Qualsiasi informazione trasmessa dall'Utente a Gazebo S.p.A. attraverso questo sito compresi, ma non limitatamente a, messaggi, suggerimenti, idee e spunti di carattere creativo, progetti, suggerimenti, dati di qualsiasi tipo, risultati di indagini commerciali e di marketing (\"Informazioni trasmesse\") sar\u00e0 considerata come non confidenziale.<\/li>\r\n<li><strong>b.<\/strong> La trasmissione di qualsiasi Informazione trasmessa verr\u00e0 considerata una cessione irrevocabile a titolo gratuito effettuata dall'Utente a Gazebo S.p.A. di ogni e qualsiasi diritto posseduto dall'Utente sull'Informazione stessa. Di conseguenza Gazebo S.p.A. potr\u00e0 utilizzare liberamente in qualsiasi forma e modo il contenuto dell'Informazione o parte di esso, e non sar\u00e0 pertanto obbligata a: (I) mantenere riservate le Informazioni Trasmesse (II) versare corrispettivi per l'utilizzo in qualsiasi forma e modo delle Informazioni Trasmesse.<\/li>\r\n<li><strong>c.<\/strong> L'Utente garantisce che il trasferimento a favore di Gazebo S.p.A. delle Informazioni Trasmesse e l'utilizzo di esse da parte di Gazebo S.p.A. non viola in alcun modo, in tutto o in parte, i diritti di terzi inclusi, ma non limitatamente a, diritti di propriet\u00e0 intellettuale e industriale, diritti della personalit\u00e0, diritti di propriet\u00e0 n\u00e9 costituisce violazione di segreti industriali o commerciali.<\/li>\r\n<li><strong>d.<\/strong> Il solo responsabile del contenuto delle Informazioni Trasmesse sar\u00e0 pertanto l'Utente che le ha trasmesse; in particolare, l'Utente si impegna a tenere indenne Gazebo S.p.A. da qualsiasi pretesa che terzi potessero rivendicare in relazione a diritti di qualsiasi natura e specie sulle Informazioni Trasmesse.<\/li><\/ul>\r\n\r\n \r\n \r\n\r\n<p class=\"arancione\">LEGGE APPLICABILE E FORO COMPETENTE<\/p>\r\n<ul><li><strong>a.<\/strong> Le Condizioni cos\u00ec come indicate nel presente disclaimer sono regolate in via esclusiva dalla legge italiana (\"Legge Applicabile\"). Qualsiasi controversia relativa alle presenti Condizioni ed all'uso del Sito sar\u00e0 regolata dalla Legge Applicabile e sar\u00e0 di competenza esclusiva del Tribunale di Forl\u00ec sezione distaccata di CESENA(\"Foro Competente\"). L'uso di questo sito comporta l'accettazione della Legge Applicabile e del Foro Competente.<\/li><\/ul>\r\n\r\n<p class=\"arancione\">VALIDITA' DEL PRESENTE DISCLAIMER<\/p>\r\n\r\n<ul><li><strong>a.<\/strong> La nullit\u00e0 parziale delle Condizioni e\/o la nullit\u00e0 di singole clausole o di parti di esse non comporta la nullit\u00e0 delle intere Condizioni; le clausole o le parti nulle saranno sostituite di diritto da norme di legge imperative.<\/li>\r\n<li><strong>b.<\/strong> Il reimpiego del presente disclaimer, anche se per fini propri cui esso si rivolge, in assenza della necessaria autorizzazione, sar\u00e0 perseguito ai sensi degli artt. 171 bis e ss. della legge n. 633\/41 \"legge sul diritto d'autore\".<\/li><\/ul>[\/et_pb_text][\/et_pb_column][\/et_pb_row][et_pb_row][et_pb_column type=\"4_4\"][et_pb_divider admin_label=\"Modulo Separatore\" color=\"#000000\" show_divider=\"on\" height=\"1\" \/][\/et_pb_column][\/et_pb_row][\/et_pb_section]","_et_gb_content_width":"","footnotes":""},"class_list":["post-1473","page","type-page","status-publish","hentry"],"yoast_head":"<!-- This site is optimized with the Yoast SEO plugin v26.6 - https:\/\/yoast.com\/wordpress\/plugins\/seo\/ -->\n<title>Disclaimer - Gazebo<\/title>\n<meta name=\"robots\" content=\"index, follow, max-snippet:-1, max-image-preview:large, max-video-preview:-1\" \/>\n<link rel=\"canonical\" href=\"https:\/\/www.gazebo.it\/en\/disclaimer\/\" \/>\n<meta property=\"og:locale\" content=\"en_US\" \/>\n<meta property=\"og:type\" content=\"article\" \/>\n<meta property=\"og:title\" content=\"Disclaimer - Gazebo\" \/>\n<meta property=\"og:description\" content=\"Disclaimer GENERAL INFORMATION the total or partial...\" \/>\n<meta property=\"og:url\" content=\"https:\/\/www.gazebo.it\/en\/disclaimer\/\" \/>\n<meta property=\"og:site_name\" content=\"Gazebo\" \/>\n<meta property=\"article:modified_time\" content=\"2018-07-30T14:29:49+00:00\" \/>\n<meta name=\"twitter:card\" content=\"summary_large_image\" \/>\n<meta name=\"twitter:label1\" content=\"Est. reading time\" \/>\n\t<meta name=\"twitter:data1\" content=\"2 minutes\" \/>\n<script type=\"application\/ld+json\" class=\"yoast-schema-graph\">{\"@context\":\"https:\/\/schema.org\",\"@graph\":[{\"@type\":\"WebPage\",\"@id\":\"https:\/\/www.gazebo.it\/en\/disclaimer\/\",\"url\":\"https:\/\/www.gazebo.it\/en\/disclaimer\/\",\"name\":\"Disclaimer - Gazebo\",\"isPartOf\":{\"@id\":\"https:\/\/www.gazebo.it\/fr\/#website\"},\"datePublished\":\"2015-06-10T13:52:58+00:00\",\"dateModified\":\"2018-07-30T14:29:49+00:00\",\"breadcrumb\":{\"@id\":\"https:\/\/www.gazebo.it\/en\/disclaimer\/#breadcrumb\"},\"inLanguage\":\"en-US\",\"potentialAction\":[{\"@type\":\"ReadAction\",\"target\":[\"https:\/\/www.gazebo.it\/en\/disclaimer\/\"]}]},{\"@type\":\"BreadcrumbList\",\"@id\":\"https:\/\/www.gazebo.it\/en\/disclaimer\/#breadcrumb\",\"itemListElement\":[{\"@type\":\"ListItem\",\"position\":1,\"name\":\"Home\",\"item\":\"https:\/\/www.gazebo.it\/en\/\"},{\"@type\":\"ListItem\",\"position\":2,\"name\":\"Disclaimer\"}]},{\"@type\":\"WebSite\",\"@id\":\"https:\/\/www.gazebo.it\/fr\/#website\",\"url\":\"https:\/\/www.gazebo.it\/fr\/\",\"name\":\"Gazebo\",\"description\":\"\",\"potentialAction\":[{\"@type\":\"SearchAction\",\"target\":{\"@type\":\"EntryPoint\",\"urlTemplate\":\"https:\/\/www.gazebo.it\/fr\/?s={search_term_string}\"},\"query-input\":{\"@type\":\"PropertyValueSpecification\",\"valueRequired\":true,\"valueName\":\"search_term_string\"}}],\"inLanguage\":\"en-US\"}]}<\/script>\n<!-- \/ Yoast SEO plugin. -->","yoast_head_json":{"title":"Disclaimer - Gazebo","robots":{"index":"index","follow":"follow","max-snippet":"max-snippet:-1","max-image-preview":"max-image-preview:large","max-video-preview":"max-video-preview:-1"},"canonical":"https:\/\/www.gazebo.it\/en\/disclaimer\/","og_locale":"en_US","og_type":"article","og_title":"Disclaimer - Gazebo","og_description":"Disclaimer GENERAL INFORMATION the total or partial...","og_url":"https:\/\/www.gazebo.it\/en\/disclaimer\/","og_site_name":"Gazebo","article_modified_time":"2018-07-30T14:29:49+00:00","twitter_card":"summary_large_image","twitter_misc":{"Est. reading time":"2 minutes"},"schema":{"@context":"https:\/\/schema.org","@graph":[{"@type":"WebPage","@id":"https:\/\/www.gazebo.it\/en\/disclaimer\/","url":"https:\/\/www.gazebo.it\/en\/disclaimer\/","name":"Disclaimer - Gazebo","isPartOf":{"@id":"https:\/\/www.gazebo.it\/fr\/#website"},"datePublished":"2015-06-10T13:52:58+00:00","dateModified":"2018-07-30T14:29:49+00:00","breadcrumb":{"@id":"https:\/\/www.gazebo.it\/en\/disclaimer\/#breadcrumb"},"inLanguage":"en-US","potentialAction":[{"@type":"ReadAction","target":["https:\/\/www.gazebo.it\/en\/disclaimer\/"]}]},{"@type":"BreadcrumbList","@id":"https:\/\/www.gazebo.it\/en\/disclaimer\/#breadcrumb","itemListElement":[{"@type":"ListItem","position":1,"name":"Home","item":"https:\/\/www.gazebo.it\/en\/"},{"@type":"ListItem","position":2,"name":"Disclaimer"}]},{"@type":"WebSite","@id":"https:\/\/www.gazebo.it\/fr\/#website","url":"https:\/\/www.gazebo.it\/fr\/","name":"Gazebo","description":"","potentialAction":[{"@type":"SearchAction","target":{"@type":"EntryPoint","urlTemplate":"https:\/\/www.gazebo.it\/fr\/?s={search_term_string}"},"query-input":{"@type":"PropertyValueSpecification","valueRequired":true,"valueName":"search_term_string"}}],"inLanguage":"en-US"}]}},"_links":{"self":[{"href":"https:\/\/www.gazebo.it\/en\/wp-json\/wp\/v2\/pages\/1473","targetHints":{"allow":["GET"]}}],"collection":[{"href":"https:\/\/www.gazebo.it\/en\/wp-json\/wp\/v2\/pages"}],"about":[{"href":"https:\/\/www.gazebo.it\/en\/wp-json\/wp\/v2\/types\/page"}],"author":[{"embeddable":true,"href":"https:\/\/www.gazebo.it\/en\/wp-json\/wp\/v2\/users\/1"}],"replies":[{"embeddable":true,"href":"https:\/\/www.gazebo.it\/en\/wp-json\/wp\/v2\/comments?post=1473"}],"version-history":[{"count":9,"href":"https:\/\/www.gazebo.it\/en\/wp-json\/wp\/v2\/pages\/1473\/revisions"}],"predecessor-version":[{"id":5459,"href":"https:\/\/www.gazebo.it\/en\/wp-json\/wp\/v2\/pages\/1473\/revisions\/5459"}],"wp:attachment":[{"href":"https:\/\/www.gazebo.it\/en\/wp-json\/wp\/v2\/media?parent=1473"}],"curies":[{"name":"wp","href":"https:\/\/api.w.org\/{rel}","templated":true}]}}